{"id":944,"date":"2021-05-08T13:17:18","date_gmt":"2021-05-08T10:17:18","guid":{"rendered":"http:\/\/www.vistaetiket.com\/demo\/?page_id=944"},"modified":"2021-05-10T19:46:44","modified_gmt":"2021-05-10T16:46:44","slug":"frequently-asked-questions","status":"publish","type":"page","link":"https:\/\/www.vistaetiket.com\/es\/frequently-asked-questions\/","title":{"rendered":"Frequently Asked Questions"},"content":{"rendered":"<p>[vc_row][vc_column]<div class=\"porto-faqs porto-faqsd751713988987e9331980363e24189ce wpb_content_element \">\n\t<div class=\"page-faqs clearfix \">\n\n\t\t\n\t\t<div class=\"faq-row\">\n\t\t\t\n<article class=\"faq post-1224 type-faq status-publish hentry\">\n\t<section class=\"toggle\">\n\t\t<label>What Information Do I Need To Provide For Design Service?<\/label>\n\t\t<div class=\"toggle-content\">\n\t\t<span class=\"entry-title\" style=\"display: none;\">What Information Do I Need To Provide For Design Service?<\/span><span class=\"vcard\" style=\"display: none;\"><span class=\"fn\"><a href=\"https:\/\/www.vistaetiket.com\/es\/author\/admin\/\" title=\"admin taraf\u0131ndan yaz\u0131lan yaz\u0131lar\" rel=\"author\">admin<\/a><\/span><\/span><span class=\"updated\" style=\"display:none\">2021-05-11T00:33:51+03:00<\/span>\n<p>If you want to have your design made to us, you must first send your logo in vector format (pdf, ai, cdr), except that you can send your personal information such as address and phone. Depending on the product you will make, you can also send additional picture and additional content information.<\/p>\n\n\n\n<p><\/p>\n\t\t<\/div>\n\t<\/section>\n<\/article>\n\n<article class=\"faq post-158 type-faq status-publish hentry\">\n\t<section class=\"toggle\">\n\t\t<label>How can I get an offer?<\/label>\n\t\t<div class=\"toggle-content\">\n\t\t<span class=\"entry-title\" style=\"display: none;\">How can I get an offer?<\/span><span class=\"vcard\" style=\"display: none;\"><span class=\"fn\"><a href=\"https:\/\/www.vistaetiket.com\/es\/author\/admin\/\" title=\"admin taraf\u0131ndan yaz\u0131lan yaz\u0131lar\" rel=\"author\">admin<\/a><\/span><\/span><span class=\"updated\" style=\"display:none\">2021-05-10T19:49:59+03:00<\/span>\nFirst of all, you need to share some information about the product you want to make with us. Information such as the substrate to be attached to the label, storage environment conditions, the reason for using the label, the size of the label, the number of orders must be shared with us. If you are planning to have a label for standard products on the market, it will be sufficient to write the product information.\n\n\n\n\n<p><\/p>\n\t\t<\/div>\n\t<\/section>\n<\/article>\n\n<article class=\"faq post-157 type-faq status-publish hentry\">\n\t<section class=\"toggle\">\n\t\t<label>What Is Order Lead Time?<\/label>\n\t\t<div class=\"toggle-content\">\n\t\t<span class=\"entry-title\" style=\"display: none;\">What Is Order Lead Time?<\/span><span class=\"vcard\" style=\"display: none;\"><span class=\"fn\"><a href=\"https:\/\/www.vistaetiket.com\/es\/author\/admin\/\" title=\"admin taraf\u0131ndan yaz\u0131lan yaz\u0131lar\" rel=\"author\">admin<\/a><\/span><\/span><span class=\"updated\" style=\"display:none\">2021-05-10T19:51:34+03:00<\/span>\nDelivery time varies from product to product. The product has a special production period. While your order is being created, the estimated production time information will be shared with you. The delay in production time is usually due to the customer revising the design.\n\n\n\n\n\n<p><\/p>\n\t\t<\/div>\n\t<\/section>\n<\/article>\n\n<article class=\"faq post-155 type-faq status-publish hentry\">\n\t<section class=\"toggle\">\n\t\t<label>Do You Do Prepress Design Check?<\/label>\n\t\t<div class=\"toggle-content\">\n\t\t<span class=\"entry-title\" style=\"display: none;\">Do You Do Prepress Design Check?<\/span><span class=\"vcard\" style=\"display: none;\"><span class=\"fn\"><a href=\"https:\/\/www.vistaetiket.com\/es\/author\/admin\/\" title=\"admin taraf\u0131ndan yaz\u0131lan yaz\u0131lar\" rel=\"author\">admin<\/a><\/span><\/span><span class=\"updated\" style=\"display:none\">2021-05-10T19:56:03+03:00<\/span>\n<p>Of course, in all submitted designs, the control process such as cutting margin, resolution, placement is done free of charge, and in case of a noticeable error, the customer is informed and requested to be sent again.<\/p>\n\n\n\n<p>If there is a situation that we can correct, the final version is sent to the customer's e-mail address for approval. After the approval process, it is included in the printing program.<\/p>\n\t\t<\/div>\n\t<\/section>\n<\/article>\n\n<article class=\"faq post-154 type-faq status-publish hentry\">\n\t<section class=\"toggle\">\n\t\t<label>I want to print a product that is not in your product list. What should I do?<\/label>\n\t\t<div class=\"toggle-content\">\n\t\t<span class=\"entry-title\" style=\"display: none;\">I want to print a product that is not in your product list. What should I do?<\/span><span class=\"vcard\" style=\"display: none;\"><span class=\"fn\"><a href=\"https:\/\/www.vistaetiket.com\/es\/author\/admin\/\" title=\"admin taraf\u0131ndan yaz\u0131lan yaz\u0131lar\" rel=\"author\">admin<\/a><\/span><\/span><span class=\"updated\" style=\"display:none\">2021-05-10T19:57:52+03:00<\/span>\n\nIf you want to print a product that is not in our product list, if you send the product details to us via e-mail or whatsapp, our customer representatives will take out the price and inform you.\n\n\n\t\t<\/div>\n\t<\/section>\n<\/article>\n\t\t<\/div>\n\n\t\t\n\t<\/div>\n\n\t\n\t<\/div>[\/vc_column][\/vc_row]<\/p>\n","protected":false},"excerpt":{"rendered":"<p>[vc_row][vc_column][\/vc_column][\/vc_row]<\/p>\n","protected":false},"author":1,"featured_media":0,"parent":0,"menu_order":0,"comment_status":"closed","ping_status":"closed","template":"","meta":{"footnotes":""},"class_list":["post-944","page","type-page","status-publish","hentry"],"_links":{"self":[{"href":"https:\/\/www.vistaetiket.com\/es\/wp-json\/wp\/v2\/pages\/944","targetHints":{"allow":["GET"]}}],"collection":[{"href":"https:\/\/www.vistaetiket.com\/es\/wp-json\/wp\/v2\/pages"}],"about":[{"href":"https:\/\/www.vistaetiket.com\/es\/wp-json\/wp\/v2\/types\/page"}],"author":[{"embeddable":true,"href":"https:\/\/www.vistaetiket.com\/es\/wp-json\/wp\/v2\/users\/1"}],"replies":[{"embeddable":true,"href":"https:\/\/www.vistaetiket.com\/es\/wp-json\/wp\/v2\/comments?post=944"}],"version-history":[{"count":3,"href":"https:\/\/www.vistaetiket.com\/es\/wp-json\/wp\/v2\/pages\/944\/revisions"}],"predecessor-version":[{"id":1096,"href":"https:\/\/www.vistaetiket.com\/es\/wp-json\/wp\/v2\/pages\/944\/revisions\/1096"}],"wp:attachment":[{"href":"https:\/\/www.vistaetiket.com\/es\/wp-json\/wp\/v2\/media?parent=944"}],"curies":[{"name":"wp","href":"https:\/\/api.w.org\/{rel}","templated":true}]}}