{"id":14,"date":"2020-12-25T14:56:53","date_gmt":"2020-12-25T11:56:53","guid":{"rendered":"http:\/\/sw-themes.com\/porto_dummy\/auto-services\/?page_id=14"},"modified":"2021-05-10T19:44:27","modified_gmt":"2021-05-10T16:44:27","slug":"about-us","status":"publish","type":"page","link":"https:\/\/www.vistaetiket.com\/es\/about-us\/","title":{"rendered":"About Us"},"content":{"rendered":"<p>[vc_row content_placement=&#8221;middle&#8221; wrap_container=&#8221;yes&#8221; el_class=&#8221;mt-5 pt-4 m-b-lg&#8221;][vc_column el_class=&#8221;pb-sm-4 pb-lg-0 mb-5 mb-lg-0&#8243; offset=&#8221;vc_col-md-6&#8243;][vc_custom_heading text=&#8221;Vista Label Solutions<br \/>\n&#8221; use_theme_fonts=&#8221;yes&#8221; animation_type=&#8221;fadeInUp&#8221; el_class=&#8221;mb-0&#8243;][vc_separator color=&#8221;custom&#8221; align=&#8221;align_left&#8221; border_width=&#8221;4&#8243; css_animation=&#8221;left-to-right&#8221; style=&#8221;solid&#8221; el_class=&#8221;custom-separator customLineProgressAnim my-3&#8243; accent_color=&#8221;#1c5fa8&#8243;][vc_custom_heading text=&#8221;<b>Since 2010, we have been creating effective packaging and press projects for production companies to help them on their journey.<\/b>&#8221; font_container=&#8221;tag:p|font_size:15.4px|text_align:left|line_height:26px&#8221; use_theme_fonts=&#8221;yes&#8221; font_weight=&#8221;300&#8243; letter_spacing=&#8221;0&#8243; animation_delay=&#8221;450&#8243; el_class=&#8221;mb-4&#8243; animation_type=&#8221;fadeInUp&#8221;][vc_custom_heading text=&#8221;Every product has a history and is cherished as a fruit of hard work and time spent. We deeply value your work and recognize your fruits as one of ours.<\/p>\n<p>From design to delivery, providing all kinds of print products for corporate companies is what makes us different.<\/p>\n<p>Offering creative and practical printing solutions, contributing to a more efficient production process with time management and discipline is our mission.<\/p>\n<p>Creating and share solutions ahead of time, leading the industry, and becoming a world-class brand by closely following the list of needs renewed in the sector with the developing technology is our vision.&#8221; font_container=&#8221;tag:p|text_align:left&#8221; use_theme_fonts=&#8221;yes&#8221; animation_delay=&#8221;700&#8243; el_class=&#8221;pb-1 mb-4&#8243; animation_type=&#8221;fadeInUp&#8221;][vc_row_inner animation_delay=&#8221;1250&#8243; el_class=&#8221;position-relative z-index-1 pt-1&#8243; animation_type=&#8221;fadeInLeft&#8221;][vc_column_inner width=&#8221;1\/2&#8243; animation_delay=&#8221;750&#8243; animation_type=&#8221;fadeInLeft&#8221; offset=&#8221;vc_col-xs-6&#8243;]<div class=\"porto-sicon-box  vc_custom_1620664864684 style_1 default-icon\"><div class=\"porto-sicon-default\"><div id=\"porto-icon-99106731469fe294aa0f66\" class=\"porto-just-icon-wrapper\" style=\"text-align:center;\"><div class=\"porto-icon advanced\" style=\"color:#212529;background:transparent;border-style:solid;border-color:#e9e9e9;border-width:1px;width:30px;height:30px;line-height:30px;border-radius:500px;font-size:14px;display:inline-block;margin-right:10px;\"><i class=\"fas fa-check\"><\/i><\/div><\/div><\/div><div class=\"porto-sicon-header\"><h3 class=\"porto-sicon-title\" style=\"font-weight:600;font-size:14px;line-height:24px;letter-spacing:0;color:#212529;\">Label Design<\/h3><\/div> <!-- header --><\/div><!-- porto-sicon-box --><div class=\"porto-sicon-box  vc_custom_1620664886157 style_1 default-icon\"><div class=\"porto-sicon-default\"><div id=\"porto-icon-129818850269fe294aa119b\" class=\"porto-just-icon-wrapper\" style=\"text-align:center;\"><div class=\"porto-icon advanced\" style=\"color:#212529;background:transparent;border-style:solid;border-color:#e9e9e9;border-width:1px;width:30px;height:30px;line-height:30px;border-radius:500px;font-size:14px;display:inline-block;margin-right:10px;\"><i class=\"fas fa-check\"><\/i><\/div><\/div><\/div><div class=\"porto-sicon-header\"><h3 class=\"porto-sicon-title\" style=\"font-weight:600;font-size:14px;line-height:24px;letter-spacing:0;color:#212529;\">Packaging Design<\/h3><\/div> <!-- header --><\/div><!-- porto-sicon-box --><div class=\"porto-sicon-box  vc_custom_1620664898921 style_1 default-icon\"><div class=\"porto-sicon-default\"><div id=\"porto-icon-209152100969fe294aa12f2\" class=\"porto-just-icon-wrapper\" style=\"text-align:center;\"><div class=\"porto-icon advanced\" style=\"color:#212529;background:transparent;border-style:solid;border-color:#e9e9e9;border-width:1px;width:30px;height:30px;line-height:30px;border-radius:500px;font-size:14px;display:inline-block;margin-right:10px;\"><i class=\"fas fa-check\"><\/i><\/div><\/div><\/div><div class=\"porto-sicon-header\"><h3 class=\"porto-sicon-title\" style=\"font-weight:600;font-size:14px;line-height:24px;letter-spacing:0;color:#212529;\">Corporate Identity Designs<\/h3><\/div> <!-- header --><\/div><!-- porto-sicon-box -->[\/vc_column_inner][vc_column_inner width=&#8221;1\/2&#8243; animation_delay=&#8221;1000&#8243; animation_type=&#8221;fadeInLeft&#8221; offset=&#8221;vc_col-xs-6&#8243;]<div class=\"porto-sicon-box  vc_custom_1620664914524 style_1 default-icon\"><div class=\"porto-sicon-default\"><div id=\"porto-icon-104400654769fe294aa13b5\" class=\"porto-just-icon-wrapper\" style=\"text-align:center;\"><div class=\"porto-icon advanced\" style=\"color:#212529;background:transparent;border-style:solid;border-color:#e9e9e9;border-width:1px;width:30px;height:30px;line-height:30px;border-radius:500px;font-size:14px;display:inline-block;margin-right:10px;\"><i class=\"fas fa-check\"><\/i><\/div><\/div><\/div><div class=\"porto-sicon-header\"><h3 class=\"porto-sicon-title\" style=\"font-weight:600;font-size:14px;line-height:24px;letter-spacing:0;color:#212529;\">Special Product Designs<\/h3><\/div> <!-- header --><\/div><!-- porto-sicon-box --><div class=\"porto-sicon-box  vc_custom_1620664929117 style_1 default-icon\"><div class=\"porto-sicon-default\"><div id=\"porto-icon-14645490669fe294aa148c\" class=\"porto-just-icon-wrapper\" style=\"text-align:center;\"><div class=\"porto-icon advanced\" style=\"color:#212529;background:transparent;border-style:solid;border-color:#e9e9e9;border-width:1px;width:30px;height:30px;line-height:30px;border-radius:500px;font-size:14px;display:inline-block;margin-right:10px;\"><i class=\"fas fa-check\"><\/i><\/div><\/div><\/div><div class=\"porto-sicon-header\"><h3 class=\"porto-sicon-title\" style=\"font-weight:600;font-size:14px;line-height:24px;letter-spacing:0;color:#212529;\">Label Production<\/h3><\/div> <!-- header --><\/div><!-- porto-sicon-box --><div class=\"porto-sicon-box  vc_custom_1620664942010 style_1 default-icon\"><div class=\"porto-sicon-default\"><div id=\"porto-icon-128699129869fe294aa155c\" class=\"porto-just-icon-wrapper\" style=\"text-align:center;\"><div class=\"porto-icon advanced\" style=\"color:#212529;background:transparent;border-style:solid;border-color:#e9e9e9;border-width:1px;width:30px;height:30px;line-height:30px;border-radius:500px;font-size:14px;display:inline-block;margin-right:10px;\"><i class=\"fas fa-check\"><\/i><\/div><\/div><\/div><div class=\"porto-sicon-header\"><h3 class=\"porto-sicon-title\" style=\"font-weight:600;font-size:14px;line-height:24px;letter-spacing:0;color:#212529;\">Packaging Production<\/h3><\/div> <!-- header --><\/div><!-- porto-sicon-box -->[\/vc_column_inner][\/vc_row_inner][\/vc_column][vc_column width=&#8221;3\/4&#8243; animation_delay=&#8221;1450&#8243; el_class=&#8221;pl-lg-5 pr-5 custom-auto-img&#8221; offset=&#8221;vc_col-md-6 vc_col-xs-10&#8243; animation_type=&#8221;fadeInLeft&#8221;][vc_single_image image=&#8221;625&#8243; img_size=&#8221;full&#8221; floating_start_pos=&#8221;top&#8221; floating_speed=&#8221;9.8&#8243; floating_duration=&#8221;1000&#8243; el_class=&#8221;mb-0&#8243;]<div class=\"porto-ultimate-content-box-container auto-1 transform3dxy-n50\"><style>#porto_ucb_1077{will-change: box-shadow;box-shadow: none;}<\/style><div class=\"porto-ultimate-content-box\" style=\"\" id=\"porto_ucb_1077\">[vc_single_image image=&#8221;626&#8243; floating_start_pos=&#8221;top&#8221; floating_speed=&#8221;0.5&#8243; el_class=&#8221;mb-0&#8243; floating_duration=&#8221;2000&#8243;]<\/div><\/div><div class=\"porto-ultimate-content-box-container auto-2 transform3dxy-n50\"><style>#porto_ucb_9064{will-change: box-shadow;box-shadow: none;}<\/style><div class=\"porto-ultimate-content-box\" style=\"\" id=\"porto_ucb_9064\">[vc_single_image image=&#8221;627&#8243; floating_start_pos=&#8221;top&#8221; floating_speed=&#8221;2.5&#8243; el_class=&#8221;mb-0&#8243; floating_duration=&#8221;1500&#8243;]<\/div><\/div><div class=\"porto-ultimate-content-box-container auto-3 transform3dxy-n50\"><style>#porto_ucb_6401{will-change: box-shadow;box-shadow: none;}<\/style><div class=\"porto-ultimate-content-box\" style=\"\" id=\"porto_ucb_6401\">[vc_single_image image=&#8221;628&#8243; floating_start_pos=&#8221;top&#8221; floating_speed=&#8221;2&#8243; el_class=&#8221;mb-0&#8243; floating_duration=&#8221;2500&#8243;]<\/div><\/div>[\/vc_column][\/vc_row][vc_row gap=&#8221;20&#8243; wrap_container=&#8221;yes&#8221; el_class=&#8221;custom-lightbox&#8221; css=&#8221;.vc_custom_1640788298454{margin-bottom: 38px !important;}&#8221;][vc_column width=&#8221;1\/5&#8243;][vc_single_image image=&#8221;584&#8243; img_size=&#8221;full&#8221; style=&#8221;vc_box_border&#8221; onclick=&#8221;img_link_large&#8221; lightbox=&#8221;yes&#8221; image_gallery=&#8221;yes&#8221; zoom_icon=&#8221;yes&#8221; hover_effect=&#8221;yes&#8221; el_class=&#8221;mb-0&#8243;][\/vc_column][vc_column width=&#8221;1\/5&#8243;][vc_single_image image=&#8221;585&#8243; img_size=&#8221;full&#8221; style=&#8221;vc_box_border&#8221; onclick=&#8221;img_link_large&#8221; lightbox=&#8221;yes&#8221; image_gallery=&#8221;yes&#8221; zoom_icon=&#8221;yes&#8221; hover_effect=&#8221;yes&#8221; el_class=&#8221;mb-0&#8243;][\/vc_column][vc_column width=&#8221;1\/5&#8243;][vc_single_image image=&#8221;586&#8243; img_size=&#8221;full&#8221; style=&#8221;vc_box_border&#8221; onclick=&#8221;img_link_large&#8221; lightbox=&#8221;yes&#8221; image_gallery=&#8221;yes&#8221; zoom_icon=&#8221;yes&#8221; hover_effect=&#8221;yes&#8221; el_class=&#8221;mb-0&#8243;][\/vc_column][vc_column width=&#8221;1\/5&#8243;][vc_single_image image=&#8221;587&#8243; img_size=&#8221;full&#8221; style=&#8221;vc_box_border&#8221; onclick=&#8221;img_link_large&#8221; lightbox=&#8221;yes&#8221; image_gallery=&#8221;yes&#8221; zoom_icon=&#8221;yes&#8221; hover_effect=&#8221;yes&#8221; el_class=&#8221;mb-0&#8243;][\/vc_column][vc_column width=&#8221;1\/5&#8243;][vc_single_image image=&#8221;584&#8243; img_size=&#8221;full&#8221; style=&#8221;vc_box_border&#8221; onclick=&#8221;img_link_large&#8221; lightbox=&#8221;yes&#8221; image_gallery=&#8221;yes&#8221; zoom_icon=&#8221;yes&#8221; hover_effect=&#8221;yes&#8221; el_class=&#8221;mb-0&#8243;][\/vc_column][\/vc_row][vc_row wrap_container=&#8221;yes&#8221; el_class=&#8221;pb-4 mb-5&#8243;][vc_column offset=&#8221;vc_col-lg-4\/5 vc_col-md-9&#8243;][vc_custom_heading text=&#8221;<b>Our mission is to provide creative and practical printing solutions, to contribute to a more efficient production process with time management and discipline.<br \/>\n<\/b><\/p>\n<p>It is our vision to create and share solutions ahead of time, to lead the industry and to become a world-class brand by closely following the list of needs that are renewed in the sector with the developing technology.<br \/>\n&#8221; font_container=&#8221;tag:p|text_align:left&#8221; use_theme_fonts=&#8221;yes&#8221; animation_delay=&#8221;1000&#8243; animation_type=&#8221;fadeInUp&#8221; el_class=&#8221;mb-4 mb-lg-0&#8243;][vc_custom_heading text=&#8221;Ya\u015fam\u0131 s\u00fcrd\u00fcr\u00fclebilir k\u0131lan \u015feydir \u00fcretim.<\/p>\n<p>2004 Y\u0131l\u0131ndan bu yana etiket ve bask\u0131 \u00e7\u00f6z\u00fcmleri sekt\u00f6r\u00fcn\u00fcn i\u00e7indeyim. Kaliteli \u00fcr\u00fcn \u00fcretme azimleriyle beni b\u00fcy\u00fcleyen bir\u00e7ok firman\u0131n varl\u0131\u011f\u0131na \u015fahit oldum.<\/p>\n<p>\u0130lk ad\u0131m att\u0131\u011f\u0131m g\u00fcnden bu yana \u00fcretime de\u011fer katan bir sekt\u00f6rde yer ald\u0131\u011f\u0131m\u0131n fark\u0131nday\u0131m ve benim gibi bu fark\u0131ndal\u0131\u011fa sahip insanlarla bir araya gelip, inanarak \u00fcretme fikri her zaman \u00e7ok heyecan verici. Sadece tecr\u00fcbe de\u011fil yapt\u0131\u011f\u0131m i\u015fe duydu\u011fum a\u015fk da 2010 y\u0131l\u0131nda Vista Etiket Anonim \u015eirketi\u2019nin var olu\u015f sebebidir.<\/p>\n<p>Bug\u00fcn ekibimizle birlikte ald\u0131\u011f\u0131m\u0131z yolda her soruna efektif \u00e7\u00f6z\u00fcmler \u00fcretmek, sekt\u00f6re \u00f6nc\u00fcl\u00fck etmek, sadece bas\u0131l\u0131 malzeme de\u011fil bas\u0131lmaya de\u011fer \u00e7\u0131kt\u0131lar yaratmak ama\u00e7lar\u0131m\u0131zdan sadece bir ka\u00e7\u0131.<\/p>\n<p>Biz inan\u0131yoruz ki; \u00fcretimi ancak s\u00fcrekli geli\u015ferek destekleyebiliriz. Her zaman daha iyisini ama\u00e7layarak sundu\u011fumuz hizmetlerin, beklenilen de\u011feri yaratmas\u0131 i\u015fimizden ald\u0131\u011f\u0131m\u0131z en b\u00fcy\u00fck haz&#8221; font_container=&#8221;tag:p|text_align:left&#8221; use_theme_fonts=&#8221;yes&#8221; animation_delay=&#8221;1000&#8243; animation_type=&#8221;fadeInUp&#8221; el_class=&#8221;mb-4 mb-lg-0&#8243;][\/vc_column][vc_column offset=&#8221;vc_col-lg-1\/5 vc_col-md-3&#8243;][vc_btn title=&#8221;OUR SOLUTIONS&#8221; shape=&#8221;rounded&#8221; align=&#8221;center&#8221; skin=&#8221;primary&#8221; btn_fs=&#8221;1em&#8221; btn_fw=&#8221;700&#8243; btn_ls=&#8221;0&#8243; animation_delay=&#8221;1300&#8243; button_block=&#8221;true&#8221; animation_type=&#8221;fadeInUp&#8221; btn_px=&#8221;2.4rem&#8221; btn_py=&#8221;1.3132rem&#8221; el_class=&#8221;mb-0 w-lg-100pct d-inline-block d-lg-block&#8221; link=&#8221;url:http%3A%2F%2Fvistaetiket.com\/es%2Flabels-solutions%2F|title:Label%20Solutions&#8221;][\/vc_column][\/vc_row]<\/p>\n","protected":false},"excerpt":{"rendered":"<p>[vc_row content_placement=&#8221;middle&#8221; wrap_container=&#8221;yes&#8221; el_class=&#8221;mt-5 pt-4 m-b-lg&#8221;][vc_column el_class=&#8221;pb-sm-4 pb-lg-0 mb-5 mb-lg-0&#8243; offset=&#8221;vc_col-md-6&#8243;][vc_custom_heading text=&#8221;Vista Label Solutions &#8221; use_theme_fonts=&#8221;yes&#8221; animation_type=&#8221;fadeInUp&#8221; el_class=&#8221;mb-0&#8243;][vc_separator color=&#8221;custom&#8221; align=&#8221;align_left&#8221; border_width=&#8221;4&#8243; css_animation=&#8221;left-to-right&#8221; style=&#8221;solid&#8221; el_class=&#8221;custom-separator customLineProgressAnim my-3&#8243; accent_color=&#8221;#1c5fa8&#8243;][vc_custom_heading text=&#8221;Since 2010, we have been creating effective packaging and press projects for production companies to help them on their journey.&#8221; font_container=&#8221;tag:p|font_size:15.4px|text_align:left|line_height:26px&#8221; use_theme_fonts=&#8221;yes&#8221; font_weight=&#8221;300&#8243; letter_spacing=&#8221;0&#8243; animation_delay=&#8221;450&#8243; el_class=&#8221;mb-4&#8243; animation_type=&#8221;fadeInUp&#8221;][vc_custom_heading text=&#8221;Every [&hellip;]<\/p>\n","protected":false},"author":1,"featured_media":0,"parent":0,"menu_order":0,"comment_status":"closed","ping_status":"closed","template":"","meta":{"footnotes":""},"class_list":["post-14","page","type-page","status-publish","hentry"],"_links":{"self":[{"href":"https:\/\/www.vistaetiket.com\/es\/wp-json\/wp\/v2\/pages\/14","targetHints":{"allow":["GET"]}}],"collection":[{"href":"https:\/\/www.vistaetiket.com\/es\/wp-json\/wp\/v2\/pages"}],"about":[{"href":"https:\/\/www.vistaetiket.com\/es\/wp-json\/wp\/v2\/types\/page"}],"author":[{"embeddable":true,"href":"https:\/\/www.vistaetiket.com\/es\/wp-json\/wp\/v2\/users\/1"}],"replies":[{"embeddable":true,"href":"https:\/\/www.vistaetiket.com\/es\/wp-json\/wp\/v2\/comments?post=14"}],"version-history":[{"count":21,"href":"https:\/\/www.vistaetiket.com\/es\/wp-json\/wp\/v2\/pages\/14\/revisions"}],"predecessor-version":[{"id":1144,"href":"https:\/\/www.vistaetiket.com\/es\/wp-json\/wp\/v2\/pages\/14\/revisions\/1144"}],"wp:attachment":[{"href":"https:\/\/www.vistaetiket.com\/es\/wp-json\/wp\/v2\/media?parent=14"}],"curies":[{"name":"wp","href":"https:\/\/api.w.org\/{rel}","templated":true}]}}